{"id":95,"date":"2015-09-23T02:00:16","date_gmt":"2015-09-23T02:00:16","guid":{"rendered":"https:\/\/camdo-odmac.ca\/fr\/?page_id=95"},"modified":"2024-01-05T19:56:33","modified_gmt":"2024-01-05T19:56:33","slug":"accueil","status":"publish","type":"page","link":"https:\/\/camdo-odmac.ca\/fr\/","title":{"rendered":"Accueil"},"content":{"rendered":"<p>[vc_row][vc_column]\t\t<div class=\"grve-element grve-blog grve-blog-grid grve-isotope\" style=\"\" data-type=\"3-columns\" data-layout=\"fitRows\" data-spinner=\"no\">\r\n\t\t\t<div class=\"grve-isotope-container\">\r\n\t\t\t<article id=\"post-2344\" class=\"grve-blog-item grve-isotope-item post-2344 post type-post status-publish format-standard has-post-thumbnail hentry category-nouvelles\" itemscope itemType=\"http:\/\/schema.org\/BlogPosting\">\r\n\t\t\t\t<div class=\"grve-isotope-item-inner\">\t\t\t\t\t\t\t<div class=\"grve-media grve-image-hover\">\r\n\t\t\t<a href=\"https:\/\/camdo-odmac.ca\/fr\/journees-de-la-colline-2025\/\" target=\"_self\"><img loading=\"lazy\" decoding=\"async\" width=\"560\" height=\"315\" src=\"https:\/\/camdo-odmac.ca\/wp-content\/uploads\/2024\/01\/image003-1-560x315.jpg\" class=\"attachment-grve-image-small-rect-horizontal size-grve-image-small-rect-horizontal wp-post-image\" alt=\"\" \/><\/a>\r\n\t\t<\/div>\r\n\r\n\t\t\t\t\t\t\t\t\t\t\t<div class=\"grve-post-content\">\r\n\t\t\t\t\t\t\t<a href=\"https:\/\/camdo-odmac.ca\/fr\/journees-de-la-colline-2025\/\" rel=\"bookmark\"><h5 class=\"grve-post-title\" itemprop=\"name headline\">Journ\u00e9es de la Colline 2025<\/h5><\/a>\t\t\t\t\t\t\t\t\t<span class=\"grve-hidden\">\n\t\t\t<span class=\"grve-structured-data\" itemprop=\"image\" itemscope itemtype=\"http:\/\/schema.org\/ImageObject\">\n\t\t\t   <span itemprop='url' >https:\/\/camdo-odmac.ca\/wp-content\/uploads\/2024\/01\/image003-1.jpg<\/span>\n\t\t\t   <span itemprop='height' >806<\/span>\n\t\t\t   <span itemprop='width' >522<\/span>\n\t\t\t<\/span>\n\t\t\t\t\t\t<span class=\"grve-structured-data\" itemprop=\"author\" itemscope itemtype=\"http:\/\/schema.org\/Person\">\n\t\t\t\t<span itemprop=\"name\">CAMDO-ODMAC<\/span>\n\t\t\t<\/span>\n\t\t\t<span class=\"grve-structured-data\" itemprop=\"publisher\" itemscope itemtype=\"http:\/\/schema.org\/Organization\">\n\t\t\t\t<span itemprop='name'>CAMDO-ODMAC<\/span>\n\t\t\t\t<span itemprop='logo' itemscope itemtype='http:\/\/schema.org\/ImageObject'>\n\t\t\t\t\t<span itemprop='url'>https:\/\/camdo-odmac.ca\/wp-content\/uploads\/2024\/01\/image003-1.jpg<\/span>\n\t\t\t\t<\/span>\n\t\t\t<\/span>\n\t\t\t\t\t\t<time class=\"grve-structured-data\" itemprop=\"datePublished\" datetime=\"2025-10-16T14:29:26+00:00\">October 16, 2025<\/time>\n\t\t\t<time class=\"grve-structured-data\" itemprop=\"dateModified\"  datetime=\"2025-10-16T14:34:07+00:00\">October 16, 2025<\/time>\n\t\t\t<span class=\"grve-structured-data\" itemprop=\"mainEntityOfPage\" itemscope itemtype=\"http:\/\/schema.org\/WebPage\" itemid=\"https:\/\/camdo-odmac.ca\/fr\/journees-de-la-colline-2025\/\"><\/span>\n\t\t<\/span>\n\t\t\t\t\t\t\t\t<div class=\"grve-post-meta\">\r\n\t\t\t\t\t\t\t\t\t\t\t\t\t\t\t<\/div>\r\n\t\t\t\t\t\t\t<div itemprop=\"articleBody\"><p>F\u00e9licitations aux membres qui ont particip\u00e9 \u00e0 la journ\u00e9e CMA Hill Day 2024 et \u00e0 la journ\u00e9e CAC Arts Day on the Hill. La CAMDO a eu le plaisir de coparrainer la r\u00e9ception. R\u00e9servez la date de la prochaine journ\u00e9e CAC Arts Day on the Hill\/r\u00e9ception, le 2 d\u00e9cembre 2025.<\/p><\/div>\t\t\t\t\t\t<\/div>\r\n\t\t\t\t\t\r\n\t\t\t\t<\/div>\t\t\t<\/article>\r\n\r\n\t\t\t<article id=\"post-2342\" class=\"grve-blog-item grve-isotope-item post-2342 post type-post status-publish format-standard has-post-thumbnail hentry category-nouvelles\" itemscope itemType=\"http:\/\/schema.org\/BlogPosting\">\r\n\t\t\t\t<div class=\"grve-isotope-item-inner\">\t\t\t\t\t\t\t<div class=\"grve-media grve-image-hover\">\r\n\t\t\t<a href=\"https:\/\/camdo-odmac.ca\/fr\/conference-de-printemps-aam-2\/\" target=\"_self\"><img loading=\"lazy\" decoding=\"async\" width=\"560\" height=\"315\" src=\"https:\/\/camdo-odmac.ca\/wp-content\/uploads\/2024\/01\/Art-Gallery-exterior4-560x315.jpg\" class=\"attachment-grve-image-small-rect-horizontal size-grve-image-small-rect-horizontal wp-post-image\" alt=\"\" \/><\/a>\r\n\t\t<\/div>\r\n\r\n\t\t\t\t\t\t\t\t\t\t\t<div class=\"grve-post-content\">\r\n\t\t\t\t\t\t\t<a href=\"https:\/\/camdo-odmac.ca\/fr\/conference-de-printemps-aam-2\/\" rel=\"bookmark\"><h5 class=\"grve-post-title\" itemprop=\"name headline\">Conf\u00e9rence de printemps\/AAM<\/h5><\/a>\t\t\t\t\t\t\t\t\t<span class=\"grve-hidden\">\n\t\t\t<span class=\"grve-structured-data\" itemprop=\"image\" itemscope itemtype=\"http:\/\/schema.org\/ImageObject\">\n\t\t\t   <span itemprop='url' >https:\/\/camdo-odmac.ca\/wp-content\/uploads\/2024\/01\/Art-Gallery-exterior4.jpg<\/span>\n\t\t\t   <span itemprop='height' >600<\/span>\n\t\t\t   <span itemprop='width' >419<\/span>\n\t\t\t<\/span>\n\t\t\t\t\t\t<span class=\"grve-structured-data\" itemprop=\"author\" itemscope itemtype=\"http:\/\/schema.org\/Person\">\n\t\t\t\t<span itemprop=\"name\">CAMDO-ODMAC<\/span>\n\t\t\t<\/span>\n\t\t\t<span class=\"grve-structured-data\" itemprop=\"publisher\" itemscope itemtype=\"http:\/\/schema.org\/Organization\">\n\t\t\t\t<span itemprop='name'>CAMDO-ODMAC<\/span>\n\t\t\t\t<span itemprop='logo' itemscope itemtype='http:\/\/schema.org\/ImageObject'>\n\t\t\t\t\t<span itemprop='url'>https:\/\/camdo-odmac.ca\/wp-content\/uploads\/2024\/01\/Art-Gallery-exterior4.jpg<\/span>\n\t\t\t\t<\/span>\n\t\t\t<\/span>\n\t\t\t\t\t\t<time class=\"grve-structured-data\" itemprop=\"datePublished\" datetime=\"2025-10-16T14:28:39+00:00\">October 16, 2025<\/time>\n\t\t\t<time class=\"grve-structured-data\" itemprop=\"dateModified\"  datetime=\"2025-10-16T14:28:39+00:00\">October 16, 2025<\/time>\n\t\t\t<span class=\"grve-structured-data\" itemprop=\"mainEntityOfPage\" itemscope itemtype=\"http:\/\/schema.org\/WebPage\" itemid=\"https:\/\/camdo-odmac.ca\/fr\/conference-de-printemps-aam-2\/\"><\/span>\n\t\t<\/span>\n\t\t\t\t\t\t\t\t<div class=\"grve-post-meta\">\r\n\t\t\t\t\t\t\t\t\t\t\t\t\t\t\t<\/div>\r\n\t\t\t\t\t\t\t<div itemprop=\"articleBody\"><p>Merci \u00e0 nos h\u00f4tes et aux nombreux membres qui se sont joints \u00e0 nous \u00e0 Halifax du 12 au 14 juin. R\u00e9servez vos dates pour 2026 et rejoignez-nous \u00e0 Calgary, du 4 au 6 juin 2026 !<\/p><\/div>\t\t\t\t\t\t<\/div>\r\n\t\t\t\t\t\r\n\t\t\t\t<\/div>\t\t\t<\/article>\r\n\r\n\t\t\t<article id=\"post-1680\" class=\"grve-blog-item grve-isotope-item post-1680 post type-post status-publish format-standard has-post-thumbnail hentry category-nouvelles\" itemscope itemType=\"http:\/\/schema.org\/BlogPosting\">\r\n\t\t\t\t<div class=\"grve-isotope-item-inner\">\t\t\t\t\t\t\t<div class=\"grve-media grve-image-hover\">\r\n\t\t\t<a href=\"https:\/\/camdo-odmac.ca\/fr\/enquete-sur-les-remunerations\/\" target=\"_self\"><img loading=\"lazy\" decoding=\"async\" width=\"560\" height=\"315\" src=\"https:\/\/camdo-odmac.ca\/wp-content\/uploads\/2024\/01\/compensation-survey-1-560x315.jpg\" class=\"attachment-grve-image-small-rect-horizontal size-grve-image-small-rect-horizontal wp-post-image\" alt=\"\" \/><\/a>\r\n\t\t<\/div>\r\n\r\n\t\t\t\t\t\t\t\t\t\t\t<div class=\"grve-post-content\">\r\n\t\t\t\t\t\t\t<a href=\"https:\/\/camdo-odmac.ca\/fr\/enquete-sur-les-remunerations\/\" rel=\"bookmark\"><h5 class=\"grve-post-title\" itemprop=\"name headline\">Enqu\u00eate sur les r\u00e9mun\u00e9rations<\/h5><\/a>\t\t\t\t\t\t\t\t\t<span class=\"grve-hidden\">\n\t\t\t<span class=\"grve-structured-data\" itemprop=\"image\" itemscope itemtype=\"http:\/\/schema.org\/ImageObject\">\n\t\t\t   <span itemprop='url' >https:\/\/camdo-odmac.ca\/wp-content\/uploads\/2024\/01\/compensation-survey-1.jpg<\/span>\n\t\t\t   <span itemprop='height' >746<\/span>\n\t\t\t   <span itemprop='width' >506<\/span>\n\t\t\t<\/span>\n\t\t\t\t\t\t<span class=\"grve-structured-data\" itemprop=\"author\" itemscope itemtype=\"http:\/\/schema.org\/Person\">\n\t\t\t\t<span itemprop=\"name\">CAMDO-ODMAC<\/span>\n\t\t\t<\/span>\n\t\t\t<span class=\"grve-structured-data\" itemprop=\"publisher\" itemscope itemtype=\"http:\/\/schema.org\/Organization\">\n\t\t\t\t<span itemprop='name'>CAMDO-ODMAC<\/span>\n\t\t\t\t<span itemprop='logo' itemscope itemtype='http:\/\/schema.org\/ImageObject'>\n\t\t\t\t\t<span itemprop='url'>https:\/\/camdo-odmac.ca\/wp-content\/uploads\/2024\/01\/compensation-survey-1.jpg<\/span>\n\t\t\t\t<\/span>\n\t\t\t<\/span>\n\t\t\t\t\t\t<time class=\"grve-structured-data\" itemprop=\"datePublished\" datetime=\"2024-10-16T08:37:57+00:00\">October 16, 2024<\/time>\n\t\t\t<time class=\"grve-structured-data\" itemprop=\"dateModified\"  datetime=\"2025-10-16T14:32:02+00:00\">October 16, 2025<\/time>\n\t\t\t<span class=\"grve-structured-data\" itemprop=\"mainEntityOfPage\" itemscope itemtype=\"http:\/\/schema.org\/WebPage\" itemid=\"https:\/\/camdo-odmac.ca\/fr\/enquete-sur-les-remunerations\/\"><\/span>\n\t\t<\/span>\n\t\t\t\t\t\t\t\t<div class=\"grve-post-meta\">\r\n\t\t\t\t\t\t\t\t\t\t\t\t\t\t\t<\/div>\r\n\t\t\t\t\t\t\t<div itemprop=\"articleBody\"><p>Merci \u00e0 tous ceux qui ont r\u00e9pondu \u00e0 l&#8217;enqu\u00eate sur les r\u00e9mun\u00e9rations 2024, d\u00e9sormais accessible aux membres.<\/p>\n<\/div>\t\t\t\t\t\t<\/div>\r\n\t\t\t\t\t\r\n\t\t\t\t<\/div>\t\t\t<\/article>\r\n\r\n\t\t\t<\/div>\r\n\t\t<\/div>\r\n[\/vc_column][\/vc_row]<\/p>\n","protected":false},"excerpt":{"rendered":"<p>[vc_row][vc_column][\/vc_column][\/vc_row]<\/p>\n","protected":false},"author":6,"featured_media":0,"parent":0,"menu_order":0,"comment_status":"closed","ping_status":"closed","template":"","meta":{"footnotes":""},"class_list":["post-95","page","type-page","status-publish","hentry"],"yoast_head":"<!-- This site is optimized with the Yoast SEO plugin v27.3 - https:\/\/yoast.com\/product\/yoast-seo-wordpress\/ -->\n<title>Accueil - CAMDO-ODMAC<\/title>\n<meta name=\"robots\" content=\"index, follow, max-snippet:-1, max-image-preview:large, max-video-preview:-1\" \/>\n<link rel=\"canonical\" href=\"https:\/\/camdo-odmac.ca\/?lang=fr\" \/>\n<meta property=\"og:locale\" content=\"fr_FR\" \/>\n<meta property=\"og:type\" content=\"article\" \/>\n<meta property=\"og:title\" content=\"Accueil - CAMDO-ODMAC\" \/>\n<meta property=\"og:description\" content=\"[vc_row][vc_column][\/vc_column][\/vc_row]\" \/>\n<meta property=\"og:url\" content=\"https:\/\/camdo-odmac.ca\/?lang=fr\" \/>\n<meta property=\"og:site_name\" content=\"CAMDO-ODMAC\" \/>\n<meta property=\"article:modified_time\" content=\"2024-01-05T19:56:33+00:00\" \/>\n<meta name=\"twitter:card\" content=\"summary_large_image\" \/>\n<meta name=\"twitter:site\" content=\"@CAMDO_ODMAC\" \/>\n<meta name=\"twitter:label1\" content=\"Est. reading time\" \/>\n\t<meta name=\"twitter:data1\" content=\"1 minute\" \/>\n<script type=\"application\/ld+json\" class=\"yoast-schema-graph\">{\"@context\":\"https:\\\/\\\/schema.org\",\"@graph\":[{\"@type\":\"WebPage\",\"@id\":\"https:\\\/\\\/camdo-odmac.ca\\\/?lang=fr\",\"url\":\"https:\\\/\\\/camdo-odmac.ca\\\/?lang=fr\",\"name\":\"Accueil - CAMDO-ODMAC\",\"isPartOf\":{\"@id\":\"https:\\\/\\\/camdo-odmac.ca\\\/#website\"},\"datePublished\":\"2015-09-23T02:00:16+00:00\",\"dateModified\":\"2024-01-05T19:56:33+00:00\",\"breadcrumb\":{\"@id\":\"https:\\\/\\\/camdo-odmac.ca\\\/?lang=fr#breadcrumb\"},\"inLanguage\":\"fr-FR\",\"potentialAction\":[{\"@type\":\"ReadAction\",\"target\":[\"https:\\\/\\\/camdo-odmac.ca\\\/?lang=fr\"]}]},{\"@type\":\"BreadcrumbList\",\"@id\":\"https:\\\/\\\/camdo-odmac.ca\\\/?lang=fr#breadcrumb\",\"itemListElement\":[{\"@type\":\"ListItem\",\"position\":1,\"name\":\"Home\",\"item\":\"https:\\\/\\\/camdo-odmac.ca\\\/?lang=fr\"},{\"@type\":\"ListItem\",\"position\":2,\"name\":\"Accueil\"}]},{\"@type\":\"WebSite\",\"@id\":\"https:\\\/\\\/camdo-odmac.ca\\\/#website\",\"url\":\"https:\\\/\\\/camdo-odmac.ca\\\/\",\"name\":\"CAMDO-ODMAC\",\"description\":\"Canadian Art Museum Directors Organization\",\"potentialAction\":[{\"@type\":\"SearchAction\",\"target\":{\"@type\":\"EntryPoint\",\"urlTemplate\":\"https:\\\/\\\/camdo-odmac.ca\\\/?s={search_term_string}\"},\"query-input\":{\"@type\":\"PropertyValueSpecification\",\"valueRequired\":true,\"valueName\":\"search_term_string\"}}],\"inLanguage\":\"fr-FR\"}]}<\/script>\n<!-- \/ Yoast SEO plugin. -->","yoast_head_json":{"title":"Accueil - CAMDO-ODMAC","robots":{"index":"index","follow":"follow","max-snippet":"max-snippet:-1","max-image-preview":"max-image-preview:large","max-video-preview":"max-video-preview:-1"},"canonical":"https:\/\/camdo-odmac.ca\/?lang=fr","og_locale":"fr_FR","og_type":"article","og_title":"Accueil - CAMDO-ODMAC","og_description":"[vc_row][vc_column][\/vc_column][\/vc_row]","og_url":"https:\/\/camdo-odmac.ca\/?lang=fr","og_site_name":"CAMDO-ODMAC","article_modified_time":"2024-01-05T19:56:33+00:00","twitter_card":"summary_large_image","twitter_site":"@CAMDO_ODMAC","twitter_misc":{"Est. reading time":"1 minute"},"schema":{"@context":"https:\/\/schema.org","@graph":[{"@type":"WebPage","@id":"https:\/\/camdo-odmac.ca\/?lang=fr","url":"https:\/\/camdo-odmac.ca\/?lang=fr","name":"Accueil - CAMDO-ODMAC","isPartOf":{"@id":"https:\/\/camdo-odmac.ca\/#website"},"datePublished":"2015-09-23T02:00:16+00:00","dateModified":"2024-01-05T19:56:33+00:00","breadcrumb":{"@id":"https:\/\/camdo-odmac.ca\/?lang=fr#breadcrumb"},"inLanguage":"fr-FR","potentialAction":[{"@type":"ReadAction","target":["https:\/\/camdo-odmac.ca\/?lang=fr"]}]},{"@type":"BreadcrumbList","@id":"https:\/\/camdo-odmac.ca\/?lang=fr#breadcrumb","itemListElement":[{"@type":"ListItem","position":1,"name":"Home","item":"https:\/\/camdo-odmac.ca\/?lang=fr"},{"@type":"ListItem","position":2,"name":"Accueil"}]},{"@type":"WebSite","@id":"https:\/\/camdo-odmac.ca\/#website","url":"https:\/\/camdo-odmac.ca\/","name":"CAMDO-ODMAC","description":"Canadian Art Museum Directors Organization","potentialAction":[{"@type":"SearchAction","target":{"@type":"EntryPoint","urlTemplate":"https:\/\/camdo-odmac.ca\/?s={search_term_string}"},"query-input":{"@type":"PropertyValueSpecification","valueRequired":true,"valueName":"search_term_string"}}],"inLanguage":"fr-FR"}]}},"_links":{"self":[{"href":"https:\/\/camdo-odmac.ca\/fr\/wp-json\/wp\/v2\/pages\/95","targetHints":{"allow":["GET"]}}],"collection":[{"href":"https:\/\/camdo-odmac.ca\/fr\/wp-json\/wp\/v2\/pages"}],"about":[{"href":"https:\/\/camdo-odmac.ca\/fr\/wp-json\/wp\/v2\/types\/page"}],"author":[{"embeddable":true,"href":"https:\/\/camdo-odmac.ca\/fr\/wp-json\/wp\/v2\/users\/6"}],"replies":[{"embeddable":true,"href":"https:\/\/camdo-odmac.ca\/fr\/wp-json\/wp\/v2\/comments?post=95"}],"version-history":[{"count":10,"href":"https:\/\/camdo-odmac.ca\/fr\/wp-json\/wp\/v2\/pages\/95\/revisions"}],"predecessor-version":[{"id":1683,"href":"https:\/\/camdo-odmac.ca\/fr\/wp-json\/wp\/v2\/pages\/95\/revisions\/1683"}],"wp:attachment":[{"href":"https:\/\/camdo-odmac.ca\/fr\/wp-json\/wp\/v2\/media?parent=95"}],"curies":[{"name":"wp","href":"https:\/\/api.w.org\/{rel}","templated":true}]}}