{"id":274,"date":"2015-09-09T00:19:23","date_gmt":"2015-09-09T00:19:23","guid":{"rendered":"https:\/\/camdo-odmac.ca\/about-us\/?lang=fr"},"modified":"2025-10-20T17:14:17","modified_gmt":"2025-10-20T17:14:17","slug":"notre-equipe","status":"publish","type":"page","link":"https:\/\/camdo-odmac.ca\/fr\/notre-equipe\/","title":{"rendered":"La direction"},"content":{"rendered":"<p>[vc_row][vc_column]<h3 class=\"grve-element grve-align-left grve-title-no-line grve-h3\" style=\"\"><span>Directrice g\u00e9n\u00e9rale<\/span><\/h3>[vc_column_text]<strong>Catherine Lindquist<\/strong><br \/>\nclindquist at camdo-odmac.ca<\/p>\n<p>[vc_row][vc_column]<h3 class=\"grve-element grve-align-left grve-title-no-line grve-h3\" style=\"\"><span>Conseil d'administration<\/span><\/h3>[vc_column_text]<\/p>\n<p><strong>Cheryl Sim, pr\u00e9sidente<\/strong><br \/>\nDirectrice g\u00e9n\u00e9rale et conservatrice, PHI, Montr\u00e9al, QC<\/p>\n<p><strong>Alexandra Badzak, ancienne pr\u00e9sidente<\/strong><br \/>\nDirectrice et chef de la direction, Galerie d&#8217;art d&#8217;Ottawa, Ottawa, ON<\/p>\n<p><strong>Nancy Noble, vice-pr\u00e9sidente<\/strong><br \/>\nDirectrice et chef de la direction, Art Gallery of Greater Victoria (AGGV), Victoria, CB<\/p>\n<p><strong>Catherine Crowston, tr\u00e9sori\u00e8re<\/strong><br \/>\nDirectrice g\u00e9n\u00e9rale et conservatrice en chef, Art Gallery of Alberta, Edmonton, AB<\/p>\n<p><strong>Aileen Burns, directrice g\u00e9n\u00e9rale<\/strong><br \/>\nCodirectrice g\u00e9n\u00e9rale et chef de la direction, Remai Modern, Saskatoon, SK<\/p>\n<p><strong>Sarah Moore Fillmore, directrice g\u00e9n\u00e9rale<\/strong><br \/>\nChef de la direction, Art Gallery of Nova Scotia, Halifax, NE<\/p>\n<p><strong>Shaun Dacey, directeur g\u00e9n\u00e9ral<\/strong><br \/>\nDirecteur, Richmond Art Gallery, Richmond, CB<\/p>\n<p><strong>Tak Pham, administrateur g\u00e9n\u00e9ral<\/strong><br \/>\nConservateur, Illingworth Kerr Gallery (IKG), Alberta University of the Arts, Calgary, AB<\/p>\n<p>[\/vc_column_text][\/vc_column][\/vc_row]<\/p>\n","protected":false},"excerpt":{"rendered":"<p>[vc_row][vc_column][vc_column_text]Catherine Lindquist clindquist at camdo-odmac.ca [vc_row][vc_column][vc_column_text] Cheryl Sim, pr\u00e9sidente Directrice g\u00e9n\u00e9rale et conservatrice, PHI, Montr\u00e9al, QC Alexandra Badzak, ancienne pr\u00e9sidente Directrice et chef de la direction, Galerie d&#8217;art d&#8217;Ottawa, Ottawa, ON Nancy Noble, vice-pr\u00e9sidente Directrice et chef de la direction, Art Gallery of Greater Victoria (AGGV), Victoria, CB Catherine Crowston, tr\u00e9sori\u00e8re Directrice g\u00e9n\u00e9rale et conservatrice [&hellip;]<\/p>\n","protected":false},"author":6,"featured_media":0,"parent":0,"menu_order":0,"comment_status":"closed","ping_status":"closed","template":"","meta":{"footnotes":""},"class_list":["post-274","page","type-page","status-publish","hentry"],"yoast_head":"<!-- This site is optimized with the Yoast SEO plugin v27.3 - https:\/\/yoast.com\/product\/yoast-seo-wordpress\/ -->\n<title>La direction - CAMDO-ODMAC<\/title>\n<meta name=\"robots\" content=\"index, follow, max-snippet:-1, max-image-preview:large, max-video-preview:-1\" \/>\n<link rel=\"canonical\" href=\"https:\/\/camdo-odmac.ca\/fr\/notre-equipe\/\" \/>\n<meta property=\"og:locale\" content=\"fr_FR\" \/>\n<meta property=\"og:type\" content=\"article\" \/>\n<meta property=\"og:title\" content=\"La direction - CAMDO-ODMAC\" \/>\n<meta property=\"og:description\" content=\"[vc_row][vc_column][vc_column_text]Catherine Lindquist clindquist at camdo-odmac.ca [vc_row][vc_column][vc_column_text] Cheryl Sim, pr\u00e9sidente Directrice g\u00e9n\u00e9rale et conservatrice, PHI, Montr\u00e9al, QC Alexandra Badzak, ancienne pr\u00e9sidente Directrice et chef de la direction, Galerie d&#8217;art d&#8217;Ottawa, Ottawa, ON Nancy Noble, vice-pr\u00e9sidente Directrice et chef de la direction, Art Gallery of Greater Victoria (AGGV), Victoria, CB Catherine Crowston, tr\u00e9sori\u00e8re Directrice g\u00e9n\u00e9rale et conservatrice [&hellip;]\" \/>\n<meta property=\"og:url\" content=\"https:\/\/camdo-odmac.ca\/fr\/notre-equipe\/\" \/>\n<meta property=\"og:site_name\" content=\"CAMDO-ODMAC\" \/>\n<meta property=\"article:modified_time\" content=\"2025-10-20T17:14:17+00:00\" \/>\n<meta name=\"twitter:card\" content=\"summary_large_image\" \/>\n<meta name=\"twitter:site\" content=\"@CAMDO_ODMAC\" \/>\n<meta name=\"twitter:label1\" content=\"Est. reading time\" \/>\n\t<meta name=\"twitter:data1\" content=\"1 minute\" \/>\n<script type=\"application\/ld+json\" class=\"yoast-schema-graph\">{\"@context\":\"https:\\\/\\\/schema.org\",\"@graph\":[{\"@type\":\"WebPage\",\"@id\":\"https:\\\/\\\/camdo-odmac.ca\\\/fr\\\/notre-equipe\\\/\",\"url\":\"https:\\\/\\\/camdo-odmac.ca\\\/fr\\\/notre-equipe\\\/\",\"name\":\"La direction - CAMDO-ODMAC\",\"isPartOf\":{\"@id\":\"https:\\\/\\\/camdo-odmac.ca\\\/#website\"},\"datePublished\":\"2015-09-09T00:19:23+00:00\",\"dateModified\":\"2025-10-20T17:14:17+00:00\",\"breadcrumb\":{\"@id\":\"https:\\\/\\\/camdo-odmac.ca\\\/fr\\\/notre-equipe\\\/#breadcrumb\"},\"inLanguage\":\"fr-FR\",\"potentialAction\":[{\"@type\":\"ReadAction\",\"target\":[\"https:\\\/\\\/camdo-odmac.ca\\\/fr\\\/notre-equipe\\\/\"]}]},{\"@type\":\"BreadcrumbList\",\"@id\":\"https:\\\/\\\/camdo-odmac.ca\\\/fr\\\/notre-equipe\\\/#breadcrumb\",\"itemListElement\":[{\"@type\":\"ListItem\",\"position\":1,\"name\":\"Home\",\"item\":\"https:\\\/\\\/camdo-odmac.ca\\\/?lang=fr\"},{\"@type\":\"ListItem\",\"position\":2,\"name\":\"La direction\"}]},{\"@type\":\"WebSite\",\"@id\":\"https:\\\/\\\/camdo-odmac.ca\\\/#website\",\"url\":\"https:\\\/\\\/camdo-odmac.ca\\\/\",\"name\":\"CAMDO-ODMAC\",\"description\":\"Canadian Art Museum Directors Organization\",\"potentialAction\":[{\"@type\":\"SearchAction\",\"target\":{\"@type\":\"EntryPoint\",\"urlTemplate\":\"https:\\\/\\\/camdo-odmac.ca\\\/?s={search_term_string}\"},\"query-input\":{\"@type\":\"PropertyValueSpecification\",\"valueRequired\":true,\"valueName\":\"search_term_string\"}}],\"inLanguage\":\"fr-FR\"}]}<\/script>\n<!-- \/ Yoast SEO plugin. -->","yoast_head_json":{"title":"La direction - CAMDO-ODMAC","robots":{"index":"index","follow":"follow","max-snippet":"max-snippet:-1","max-image-preview":"max-image-preview:large","max-video-preview":"max-video-preview:-1"},"canonical":"https:\/\/camdo-odmac.ca\/fr\/notre-equipe\/","og_locale":"fr_FR","og_type":"article","og_title":"La direction - CAMDO-ODMAC","og_description":"[vc_row][vc_column][vc_column_text]Catherine Lindquist clindquist at camdo-odmac.ca [vc_row][vc_column][vc_column_text] Cheryl Sim, pr\u00e9sidente Directrice g\u00e9n\u00e9rale et conservatrice, PHI, Montr\u00e9al, QC Alexandra Badzak, ancienne pr\u00e9sidente Directrice et chef de la direction, Galerie d&#8217;art d&#8217;Ottawa, Ottawa, ON Nancy Noble, vice-pr\u00e9sidente Directrice et chef de la direction, Art Gallery of Greater Victoria (AGGV), Victoria, CB Catherine Crowston, tr\u00e9sori\u00e8re Directrice g\u00e9n\u00e9rale et conservatrice [&hellip;]","og_url":"https:\/\/camdo-odmac.ca\/fr\/notre-equipe\/","og_site_name":"CAMDO-ODMAC","article_modified_time":"2025-10-20T17:14:17+00:00","twitter_card":"summary_large_image","twitter_site":"@CAMDO_ODMAC","twitter_misc":{"Est. reading time":"1 minute"},"schema":{"@context":"https:\/\/schema.org","@graph":[{"@type":"WebPage","@id":"https:\/\/camdo-odmac.ca\/fr\/notre-equipe\/","url":"https:\/\/camdo-odmac.ca\/fr\/notre-equipe\/","name":"La direction - CAMDO-ODMAC","isPartOf":{"@id":"https:\/\/camdo-odmac.ca\/#website"},"datePublished":"2015-09-09T00:19:23+00:00","dateModified":"2025-10-20T17:14:17+00:00","breadcrumb":{"@id":"https:\/\/camdo-odmac.ca\/fr\/notre-equipe\/#breadcrumb"},"inLanguage":"fr-FR","potentialAction":[{"@type":"ReadAction","target":["https:\/\/camdo-odmac.ca\/fr\/notre-equipe\/"]}]},{"@type":"BreadcrumbList","@id":"https:\/\/camdo-odmac.ca\/fr\/notre-equipe\/#breadcrumb","itemListElement":[{"@type":"ListItem","position":1,"name":"Home","item":"https:\/\/camdo-odmac.ca\/?lang=fr"},{"@type":"ListItem","position":2,"name":"La direction"}]},{"@type":"WebSite","@id":"https:\/\/camdo-odmac.ca\/#website","url":"https:\/\/camdo-odmac.ca\/","name":"CAMDO-ODMAC","description":"Canadian Art Museum Directors Organization","potentialAction":[{"@type":"SearchAction","target":{"@type":"EntryPoint","urlTemplate":"https:\/\/camdo-odmac.ca\/?s={search_term_string}"},"query-input":{"@type":"PropertyValueSpecification","valueRequired":true,"valueName":"search_term_string"}}],"inLanguage":"fr-FR"}]}},"_links":{"self":[{"href":"https:\/\/camdo-odmac.ca\/fr\/wp-json\/wp\/v2\/pages\/274","targetHints":{"allow":["GET"]}}],"collection":[{"href":"https:\/\/camdo-odmac.ca\/fr\/wp-json\/wp\/v2\/pages"}],"about":[{"href":"https:\/\/camdo-odmac.ca\/fr\/wp-json\/wp\/v2\/types\/page"}],"author":[{"embeddable":true,"href":"https:\/\/camdo-odmac.ca\/fr\/wp-json\/wp\/v2\/users\/6"}],"replies":[{"embeddable":true,"href":"https:\/\/camdo-odmac.ca\/fr\/wp-json\/wp\/v2\/comments?post=274"}],"version-history":[{"count":11,"href":"https:\/\/camdo-odmac.ca\/fr\/wp-json\/wp\/v2\/pages\/274\/revisions"}],"predecessor-version":[{"id":2356,"href":"https:\/\/camdo-odmac.ca\/fr\/wp-json\/wp\/v2\/pages\/274\/revisions\/2356"}],"wp:attachment":[{"href":"https:\/\/camdo-odmac.ca\/fr\/wp-json\/wp\/v2\/media?parent=274"}],"curies":[{"name":"wp","href":"https:\/\/api.w.org\/{rel}","templated":true}]}}