{"id":1980,"date":"2024-02-06T02:16:20","date_gmt":"2024-02-06T02:16:20","guid":{"rendered":"https:\/\/camdo-odmac.ca\/?page_id=1980"},"modified":"2024-02-06T02:16:33","modified_gmt":"2024-02-06T02:16:33","slug":"autres-ressources","status":"publish","type":"page","link":"https:\/\/camdo-odmac.ca\/fr\/resources\/autres-ressources\/","title":{"rendered":"Autres ressources"},"content":{"rendered":"<p>[vc_row][vc_column][vc_column_text]<\/p>\r\n<ul>\r\n<li><a href=\"https:\/\/museums.in1touch.org\/uploaded\/web\/docs\/Advocacy\/Empowering_Connections-Advocacy_Toolkit_01-24_FR.pdf\"><b>Nouer et mettre \u00e0 profit de bonnes relations Trousse d\u2019outils pour mobiliser les d\u00e9put\u00e9s f\u00e9d\u00e9raux et les s\u00e9nateurs, AMC 2024<\/b><\/a><\/li>\r\n<li><a href=\"https:\/\/museums.ca\/uploaded\/web\/TRC_2022\/Rapport-AMC-Portesalaction.pdf\"><b>Port\u00e9s \u00e0 l&#8217;action : Appliquer la DNUDPA dans les mus\u00e9es canadiens<\/b><b>, AMC 2022<\/b><\/a><\/li>\r\n<li><a href=\"https:\/\/museums.in1touch.org\/uploaded\/web\/docs_fr\/principesdirecteurs.pdf\"><b>Principes directeurs : R\u00f4les et Responsabilit\u00e9s des Conseils d&#8217;administration des mus\u00e9es<\/b>,\u00a0<b>AMC et ODMAC 2004<\/b><\/a><\/li>\r\n<\/ul>\r\n\r\n<p>&nbsp;<\/p>\r\n<p>[\/vc_column_text][\/vc_column][\/vc_row]<\/p>","protected":false},"excerpt":{"rendered":"<p>[vc_row][vc_column][vc_column_text] &nbsp; [\/vc_column_text][\/vc_column][\/vc_row]<\/p>\n","protected":false},"author":6,"featured_media":0,"parent":280,"menu_order":0,"comment_status":"closed","ping_status":"closed","template":"","meta":{"footnotes":""},"class_list":["post-1980","page","type-page","status-publish","hentry"],"yoast_head":"<!-- This site is optimized with the Yoast SEO plugin v27.3 - https:\/\/yoast.com\/product\/yoast-seo-wordpress\/ -->\n<title>Autres ressources - CAMDO-ODMAC<\/title>\n<meta name=\"robots\" content=\"index, follow, max-snippet:-1, max-image-preview:large, max-video-preview:-1\" \/>\n<link rel=\"canonical\" href=\"https:\/\/camdo-odmac.ca\/fr\/resources\/autres-ressources\/\" \/>\n<meta property=\"og:locale\" content=\"fr_FR\" \/>\n<meta property=\"og:type\" content=\"article\" \/>\n<meta property=\"og:title\" content=\"Autres ressources - CAMDO-ODMAC\" \/>\n<meta property=\"og:description\" content=\"[vc_row][vc_column][vc_column_text] &nbsp; [\/vc_column_text][\/vc_column][\/vc_row]\" \/>\n<meta property=\"og:url\" content=\"https:\/\/camdo-odmac.ca\/fr\/resources\/autres-ressources\/\" \/>\n<meta property=\"og:site_name\" content=\"CAMDO-ODMAC\" \/>\n<meta property=\"article:modified_time\" content=\"2024-02-06T02:16:33+00:00\" \/>\n<meta name=\"twitter:card\" content=\"summary_large_image\" \/>\n<meta name=\"twitter:site\" content=\"@CAMDO_ODMAC\" \/>\n<meta name=\"twitter:label1\" content=\"Est. reading time\" \/>\n\t<meta name=\"twitter:data1\" content=\"1 minute\" \/>\n<script type=\"application\/ld+json\" class=\"yoast-schema-graph\">{\"@context\":\"https:\\\/\\\/schema.org\",\"@graph\":[{\"@type\":\"WebPage\",\"@id\":\"https:\\\/\\\/camdo-odmac.ca\\\/fr\\\/resources\\\/autres-ressources\\\/\",\"url\":\"https:\\\/\\\/camdo-odmac.ca\\\/fr\\\/resources\\\/autres-ressources\\\/\",\"name\":\"Autres ressources - CAMDO-ODMAC\",\"isPartOf\":{\"@id\":\"https:\\\/\\\/camdo-odmac.ca\\\/#website\"},\"datePublished\":\"2024-02-06T02:16:20+00:00\",\"dateModified\":\"2024-02-06T02:16:33+00:00\",\"breadcrumb\":{\"@id\":\"https:\\\/\\\/camdo-odmac.ca\\\/fr\\\/resources\\\/autres-ressources\\\/#breadcrumb\"},\"inLanguage\":\"fr-FR\",\"potentialAction\":[{\"@type\":\"ReadAction\",\"target\":[\"https:\\\/\\\/camdo-odmac.ca\\\/fr\\\/resources\\\/autres-ressources\\\/\"]}]},{\"@type\":\"BreadcrumbList\",\"@id\":\"https:\\\/\\\/camdo-odmac.ca\\\/fr\\\/resources\\\/autres-ressources\\\/#breadcrumb\",\"itemListElement\":[{\"@type\":\"ListItem\",\"position\":1,\"name\":\"Home\",\"item\":\"https:\\\/\\\/camdo-odmac.ca\\\/?lang=fr\"},{\"@type\":\"ListItem\",\"position\":2,\"name\":\"Resources\",\"item\":\"https:\\\/\\\/camdo-odmac.ca\\\/resources\\\/?lang=fr\"},{\"@type\":\"ListItem\",\"position\":3,\"name\":\"Autres ressources\"}]},{\"@type\":\"WebSite\",\"@id\":\"https:\\\/\\\/camdo-odmac.ca\\\/#website\",\"url\":\"https:\\\/\\\/camdo-odmac.ca\\\/\",\"name\":\"CAMDO-ODMAC\",\"description\":\"Canadian Art Museum Directors Organization\",\"potentialAction\":[{\"@type\":\"SearchAction\",\"target\":{\"@type\":\"EntryPoint\",\"urlTemplate\":\"https:\\\/\\\/camdo-odmac.ca\\\/?s={search_term_string}\"},\"query-input\":{\"@type\":\"PropertyValueSpecification\",\"valueRequired\":true,\"valueName\":\"search_term_string\"}}],\"inLanguage\":\"fr-FR\"}]}<\/script>\n<!-- \/ Yoast SEO plugin. -->","yoast_head_json":{"title":"Autres ressources - CAMDO-ODMAC","robots":{"index":"index","follow":"follow","max-snippet":"max-snippet:-1","max-image-preview":"max-image-preview:large","max-video-preview":"max-video-preview:-1"},"canonical":"https:\/\/camdo-odmac.ca\/fr\/resources\/autres-ressources\/","og_locale":"fr_FR","og_type":"article","og_title":"Autres ressources - CAMDO-ODMAC","og_description":"[vc_row][vc_column][vc_column_text] &nbsp; [\/vc_column_text][\/vc_column][\/vc_row]","og_url":"https:\/\/camdo-odmac.ca\/fr\/resources\/autres-ressources\/","og_site_name":"CAMDO-ODMAC","article_modified_time":"2024-02-06T02:16:33+00:00","twitter_card":"summary_large_image","twitter_site":"@CAMDO_ODMAC","twitter_misc":{"Est. reading time":"1 minute"},"schema":{"@context":"https:\/\/schema.org","@graph":[{"@type":"WebPage","@id":"https:\/\/camdo-odmac.ca\/fr\/resources\/autres-ressources\/","url":"https:\/\/camdo-odmac.ca\/fr\/resources\/autres-ressources\/","name":"Autres ressources - CAMDO-ODMAC","isPartOf":{"@id":"https:\/\/camdo-odmac.ca\/#website"},"datePublished":"2024-02-06T02:16:20+00:00","dateModified":"2024-02-06T02:16:33+00:00","breadcrumb":{"@id":"https:\/\/camdo-odmac.ca\/fr\/resources\/autres-ressources\/#breadcrumb"},"inLanguage":"fr-FR","potentialAction":[{"@type":"ReadAction","target":["https:\/\/camdo-odmac.ca\/fr\/resources\/autres-ressources\/"]}]},{"@type":"BreadcrumbList","@id":"https:\/\/camdo-odmac.ca\/fr\/resources\/autres-ressources\/#breadcrumb","itemListElement":[{"@type":"ListItem","position":1,"name":"Home","item":"https:\/\/camdo-odmac.ca\/?lang=fr"},{"@type":"ListItem","position":2,"name":"Resources","item":"https:\/\/camdo-odmac.ca\/resources\/?lang=fr"},{"@type":"ListItem","position":3,"name":"Autres ressources"}]},{"@type":"WebSite","@id":"https:\/\/camdo-odmac.ca\/#website","url":"https:\/\/camdo-odmac.ca\/","name":"CAMDO-ODMAC","description":"Canadian Art Museum Directors Organization","potentialAction":[{"@type":"SearchAction","target":{"@type":"EntryPoint","urlTemplate":"https:\/\/camdo-odmac.ca\/?s={search_term_string}"},"query-input":{"@type":"PropertyValueSpecification","valueRequired":true,"valueName":"search_term_string"}}],"inLanguage":"fr-FR"}]}},"_links":{"self":[{"href":"https:\/\/camdo-odmac.ca\/fr\/wp-json\/wp\/v2\/pages\/1980","targetHints":{"allow":["GET"]}}],"collection":[{"href":"https:\/\/camdo-odmac.ca\/fr\/wp-json\/wp\/v2\/pages"}],"about":[{"href":"https:\/\/camdo-odmac.ca\/fr\/wp-json\/wp\/v2\/types\/page"}],"author":[{"embeddable":true,"href":"https:\/\/camdo-odmac.ca\/fr\/wp-json\/wp\/v2\/users\/6"}],"replies":[{"embeddable":true,"href":"https:\/\/camdo-odmac.ca\/fr\/wp-json\/wp\/v2\/comments?post=1980"}],"version-history":[{"count":3,"href":"https:\/\/camdo-odmac.ca\/fr\/wp-json\/wp\/v2\/pages\/1980\/revisions"}],"predecessor-version":[{"id":1987,"href":"https:\/\/camdo-odmac.ca\/fr\/wp-json\/wp\/v2\/pages\/1980\/revisions\/1987"}],"up":[{"embeddable":true,"href":"https:\/\/camdo-odmac.ca\/fr\/wp-json\/wp\/v2\/pages\/280"}],"wp:attachment":[{"href":"https:\/\/camdo-odmac.ca\/fr\/wp-json\/wp\/v2\/media?parent=1980"}],"curies":[{"name":"wp","href":"https:\/\/api.w.org\/{rel}","templated":true}]}}