{"id":1657,"date":"2024-01-02T15:41:32","date_gmt":"2024-01-02T15:41:32","guid":{"rendered":"https:\/\/camdo-odmac.ca\/?page_id=1657"},"modified":"2024-10-01T13:05:54","modified_gmt":"2024-10-01T13:05:54","slug":"a-propos","status":"publish","type":"page","link":"https:\/\/camdo-odmac.ca\/fr\/a-propos\/","title":{"rendered":"\u00c0 propos"},"content":{"rendered":"<p>[vc_row][vc_column]<h3 class=\"grve-element grve-align-left grve-title-no-line grve-h3\" style=\"margin-bottom: 15px;\"><span>Contexte<\/span><\/h3>[vc_column_text]CAMDO-ODMAC sert de rassembleur et de catalyseur pour les directeurs de mus\u00e9es et de galeries d\u2019art publics qui sont \u00e0 la t\u00eate d\u2019une diversit\u00e9 d\u2019institutions d\u2019arts visuels \u00e0 la grandeur du Canada. Le r\u00f4le unique de CAMDO-ODMAC au sein du secteur des arts explique la long\u00e9vit\u00e9 de l\u2019organisation (fond\u00e9e en 1964), la trace de son activit\u00e9 continue et sa forte pertinence pour ses membres. CAMDO-ODMAC offre le seul forum dans lequel les directeurs peuvent s\u2019engager dans un dialogue franc et ouvert sur les opportunit\u00e9s, les enjeux et les d\u00e9fis li\u00e9s \u00e0 l\u2019exploitation d\u2019institutions du monde des arts et \u00e0 la collection, \u00e0 la pr\u00e9sentation et \u00e0 la promotion des arts visuels pour toute la population canadienne.<\/p>\n<p>CAMDO-ODMAC maintient une approche d\u2019ouverture envers l\u2019\u00e9cologie des arts visuels tout en renfor\u00e7ant la capacit\u00e9 de ses membres \u00e0 servir leurs publics. CAMDO-ODMAC croit passionn\u00e9ment que l\u2019art et les artistes aident les personnes \u00e0 mieux se comprendre et \u00e0 mieux comprendre les autres. Les directeurs des mus\u00e9es et des galeries d\u2019art facilitent ces rencontres, ces compr\u00e9hensions et ces transformations. CAMDO-ODMAC fournit les outils, les connaissances, les id\u00e9es et les liens qui favorisent le leadership efficace des directeurs et leur permettent de promouvoir et de d\u00e9fendre les int\u00e9r\u00eats du secteur dans son ensemble.[\/vc_column_text]<div class=\"grve-element grve-image grve-align-center\" style=\"\"><img loading=\"lazy\" decoding=\"async\" width=\"2560\" height=\"1277\" src=\"https:\/\/camdo-odmac.ca\/wp-content\/uploads\/2024\/01\/Whistler-May2016-scaled.jpg\" class=\"attachment-full size-full\" alt=\"\" srcset=\"https:\/\/camdo-odmac.ca\/wp-content\/uploads\/2024\/01\/Whistler-May2016-scaled.jpg 2560w, https:\/\/camdo-odmac.ca\/wp-content\/uploads\/2024\/01\/Whistler-May2016-300x150.jpg 300w, https:\/\/camdo-odmac.ca\/wp-content\/uploads\/2024\/01\/Whistler-May2016-1024x511.jpg 1024w, https:\/\/camdo-odmac.ca\/wp-content\/uploads\/2024\/01\/Whistler-May2016-768x383.jpg 768w, https:\/\/camdo-odmac.ca\/wp-content\/uploads\/2024\/01\/Whistler-May2016-1536x766.jpg 1536w, https:\/\/camdo-odmac.ca\/wp-content\/uploads\/2024\/01\/Whistler-May2016-1120x560.jpg 1120w, https:\/\/camdo-odmac.ca\/wp-content\/uploads\/2024\/01\/Whistler-May2016-1920x958.jpg 1920w\" sizes=\"auto, (max-width: 2560px) 100vw, 2560px\" \/><\/div>[\/vc_column][\/vc_row][vc_row padding_top=&#8221;40&#8243; padding_bottom=&#8221;40&#8243;][vc_column width=&#8221;1\/3&#8243;]<h3 class=\"grve-element grve-align-center grve-title-no-line grve-h3\" style=\"margin-bottom: 15px;\"><span>La mission<\/span><\/h3>[vc_column_text]<\/p>\n<p style=\"text-align: center;\">CAMDO-ODMAC renforce le r\u00f4le des directeur\u00b7trice\u00b7s de mus\u00e9es d&#8217;art canadiens, qui comprennent les directeur\u00b7trice\u00b7s de galeries publiques et universitaires, ainsi que les fondations, pour d\u00e9fendre l&#8217;art et son importance dans la soci\u00e9t\u00e9.<\/p>\n<p>[\/vc_column_text][\/vc_column][vc_column width=&#8221;1\/3&#8243;]<h3 class=\"grve-element grve-align-center grve-title-no-line grve-h3\" style=\"margin-bottom: 15px;\"><span>La vision<\/span><\/h3>[vc_column_text]<\/p>\n<p style=\"text-align: center;\">Les mus\u00e9es d\u2019art sont per\u00e7us et compris comme essentiels au dynamisme, \u00e0 la stabilit\u00e9 \u00e9conomique et \u00e0 la coh\u00e9sion sociale de leurs communaut\u00e9s ainsi que partout au Canada.<\/p>\n<p>[\/vc_column_text][\/vc_column][vc_column width=&#8221;1\/3&#8243;]<h3 class=\"grve-element grve-align-center grve-title-no-line grve-h3\" style=\"margin-bottom: 15px;\"><span>Valeurs<\/span><\/h3>[vc_column_text]<\/p>\n<p style=\"text-align: center;\">Transparence, coll\u00e9gialit\u00e9, rigueur, \u00e9quit\u00e9, diversit\u00e9<\/p>\n<p>[\/vc_column_text][\/vc_column][\/vc_row][vc_row][vc_column css=&#8221;.vc_custom_1704209971546{margin-bottom: 40px !important;}&#8221;]<div class=\"grve-element grve-image grve-align-center\" style=\"\"><img loading=\"lazy\" decoding=\"async\" width=\"3300\" height=\"1795\" src=\"https:\/\/camdo-odmac.ca\/wp-content\/uploads\/2015\/09\/MBAM.jpg\" class=\"attachment-full size-full\" alt=\"\" srcset=\"https:\/\/camdo-odmac.ca\/wp-content\/uploads\/2015\/09\/MBAM.jpg 3300w, https:\/\/camdo-odmac.ca\/wp-content\/uploads\/2015\/09\/MBAM-300x163.jpg 300w, https:\/\/camdo-odmac.ca\/wp-content\/uploads\/2015\/09\/MBAM-1024x557.jpg 1024w, https:\/\/camdo-odmac.ca\/wp-content\/uploads\/2015\/09\/MBAM-1920x1044.jpg 1920w\" sizes=\"auto, (max-width: 3300px) 100vw, 3300px\" \/><\/div>[\/vc_column][vc_column]<h3 class=\"grve-element grve-align-left grve-title-no-line grve-h3\" style=\"margin-bottom: 15px;\"><span>Affiliations<\/span><\/h3>[vc_column_text]<\/p>\n<ul>\n<li><a href=\"https:\/\/conseildesarts.ca\/\">Conseil des arts du Canada<\/a><\/li>\n<li><a href=\"http:\/\/visualartsvisuels.ca\/\">Alliance pour les arts visuels<\/a><\/li>\n<li><a href=\"https:\/\/www.museums.ca\/?language=fr_FR&amp;nav=home\">Association des mus\u00e9es canadiens<\/a><\/li>\n<li><a href=\"https:\/\/www.canadianartscoalition.com\/\">Coaltion canadienne des arts<\/a><\/li>\n<\/ul>\n<p>[\/vc_column_text][\/vc_column][\/vc_row]<\/p>\n","protected":false},"excerpt":{"rendered":"<p>[vc_row][vc_column][vc_column_text]CAMDO-ODMAC sert de rassembleur et de catalyseur pour les directeurs de mus\u00e9es et de galeries d\u2019art publics qui sont \u00e0 la t\u00eate d\u2019une diversit\u00e9 d\u2019institutions d\u2019arts visuels \u00e0 la grandeur du Canada. Le r\u00f4le unique de CAMDO-ODMAC au sein du secteur des arts explique la long\u00e9vit\u00e9 de l\u2019organisation (fond\u00e9e en 1964), la trace de son [&hellip;]<\/p>\n","protected":false},"author":6,"featured_media":0,"parent":0,"menu_order":0,"comment_status":"closed","ping_status":"closed","template":"","meta":{"footnotes":""},"class_list":["post-1657","page","type-page","status-publish","hentry"],"yoast_head":"<!-- This site is optimized with the Yoast SEO plugin v27.3 - https:\/\/yoast.com\/product\/yoast-seo-wordpress\/ -->\n<title>\u00c0 propos - CAMDO-ODMAC<\/title>\n<meta name=\"robots\" content=\"index, follow, max-snippet:-1, max-image-preview:large, max-video-preview:-1\" \/>\n<link rel=\"canonical\" href=\"https:\/\/camdo-odmac.ca\/about-us\/\" \/>\n<meta property=\"og:locale\" content=\"fr_FR\" \/>\n<meta property=\"og:type\" content=\"article\" \/>\n<meta property=\"og:title\" content=\"\u00c0 propos - CAMDO-ODMAC\" \/>\n<meta property=\"og:description\" content=\"[vc_row][vc_column][vc_column_text]CAMDO-ODMAC sert de rassembleur et de catalyseur pour les directeurs de mus\u00e9es et de galeries d\u2019art publics qui sont \u00e0 la t\u00eate d\u2019une diversit\u00e9 d\u2019institutions d\u2019arts visuels \u00e0 la grandeur du Canada. Le r\u00f4le unique de CAMDO-ODMAC au sein du secteur des arts explique la long\u00e9vit\u00e9 de l\u2019organisation (fond\u00e9e en 1964), la trace de son [&hellip;]\" \/>\n<meta property=\"og:url\" content=\"https:\/\/camdo-odmac.ca\/about-us\/\" \/>\n<meta property=\"og:site_name\" content=\"CAMDO-ODMAC\" \/>\n<meta property=\"article:modified_time\" content=\"2024-10-01T13:05:54+00:00\" \/>\n<meta name=\"twitter:card\" content=\"summary_large_image\" \/>\n<meta name=\"twitter:site\" content=\"@CAMDO_ODMAC\" \/>\n<meta name=\"twitter:label1\" content=\"Est. reading time\" \/>\n\t<meta name=\"twitter:data1\" content=\"2 minutes\" \/>\n<script type=\"application\/ld+json\" class=\"yoast-schema-graph\">{\"@context\":\"https:\\\/\\\/schema.org\",\"@graph\":[{\"@type\":\"WebPage\",\"@id\":\"https:\\\/\\\/camdo-odmac.ca\\\/about-us\\\/\",\"url\":\"https:\\\/\\\/camdo-odmac.ca\\\/about-us\\\/\",\"name\":\"\u00c0 propos - CAMDO-ODMAC\",\"isPartOf\":{\"@id\":\"https:\\\/\\\/camdo-odmac.ca\\\/#website\"},\"datePublished\":\"2024-01-02T15:41:32+00:00\",\"dateModified\":\"2024-10-01T13:05:54+00:00\",\"breadcrumb\":{\"@id\":\"https:\\\/\\\/camdo-odmac.ca\\\/about-us\\\/#breadcrumb\"},\"inLanguage\":\"fr-FR\",\"potentialAction\":[{\"@type\":\"ReadAction\",\"target\":[\"https:\\\/\\\/camdo-odmac.ca\\\/about-us\\\/\"]}]},{\"@type\":\"BreadcrumbList\",\"@id\":\"https:\\\/\\\/camdo-odmac.ca\\\/about-us\\\/#breadcrumb\",\"itemListElement\":[{\"@type\":\"ListItem\",\"position\":1,\"name\":\"Home\",\"item\":\"https:\\\/\\\/camdo-odmac.ca\\\/?lang=fr\"},{\"@type\":\"ListItem\",\"position\":2,\"name\":\"\u00c0 propos\"}]},{\"@type\":\"WebSite\",\"@id\":\"https:\\\/\\\/camdo-odmac.ca\\\/#website\",\"url\":\"https:\\\/\\\/camdo-odmac.ca\\\/\",\"name\":\"CAMDO-ODMAC\",\"description\":\"Canadian Art Museum Directors Organization\",\"potentialAction\":[{\"@type\":\"SearchAction\",\"target\":{\"@type\":\"EntryPoint\",\"urlTemplate\":\"https:\\\/\\\/camdo-odmac.ca\\\/?s={search_term_string}\"},\"query-input\":{\"@type\":\"PropertyValueSpecification\",\"valueRequired\":true,\"valueName\":\"search_term_string\"}}],\"inLanguage\":\"fr-FR\"}]}<\/script>\n<!-- \/ Yoast SEO plugin. -->","yoast_head_json":{"title":"\u00c0 propos - CAMDO-ODMAC","robots":{"index":"index","follow":"follow","max-snippet":"max-snippet:-1","max-image-preview":"max-image-preview:large","max-video-preview":"max-video-preview:-1"},"canonical":"https:\/\/camdo-odmac.ca\/about-us\/","og_locale":"fr_FR","og_type":"article","og_title":"\u00c0 propos - CAMDO-ODMAC","og_description":"[vc_row][vc_column][vc_column_text]CAMDO-ODMAC sert de rassembleur et de catalyseur pour les directeurs de mus\u00e9es et de galeries d\u2019art publics qui sont \u00e0 la t\u00eate d\u2019une diversit\u00e9 d\u2019institutions d\u2019arts visuels \u00e0 la grandeur du Canada. Le r\u00f4le unique de CAMDO-ODMAC au sein du secteur des arts explique la long\u00e9vit\u00e9 de l\u2019organisation (fond\u00e9e en 1964), la trace de son [&hellip;]","og_url":"https:\/\/camdo-odmac.ca\/about-us\/","og_site_name":"CAMDO-ODMAC","article_modified_time":"2024-10-01T13:05:54+00:00","twitter_card":"summary_large_image","twitter_site":"@CAMDO_ODMAC","twitter_misc":{"Est. reading time":"2 minutes"},"schema":{"@context":"https:\/\/schema.org","@graph":[{"@type":"WebPage","@id":"https:\/\/camdo-odmac.ca\/about-us\/","url":"https:\/\/camdo-odmac.ca\/about-us\/","name":"\u00c0 propos - CAMDO-ODMAC","isPartOf":{"@id":"https:\/\/camdo-odmac.ca\/#website"},"datePublished":"2024-01-02T15:41:32+00:00","dateModified":"2024-10-01T13:05:54+00:00","breadcrumb":{"@id":"https:\/\/camdo-odmac.ca\/about-us\/#breadcrumb"},"inLanguage":"fr-FR","potentialAction":[{"@type":"ReadAction","target":["https:\/\/camdo-odmac.ca\/about-us\/"]}]},{"@type":"BreadcrumbList","@id":"https:\/\/camdo-odmac.ca\/about-us\/#breadcrumb","itemListElement":[{"@type":"ListItem","position":1,"name":"Home","item":"https:\/\/camdo-odmac.ca\/?lang=fr"},{"@type":"ListItem","position":2,"name":"\u00c0 propos"}]},{"@type":"WebSite","@id":"https:\/\/camdo-odmac.ca\/#website","url":"https:\/\/camdo-odmac.ca\/","name":"CAMDO-ODMAC","description":"Canadian Art Museum Directors Organization","potentialAction":[{"@type":"SearchAction","target":{"@type":"EntryPoint","urlTemplate":"https:\/\/camdo-odmac.ca\/?s={search_term_string}"},"query-input":{"@type":"PropertyValueSpecification","valueRequired":true,"valueName":"search_term_string"}}],"inLanguage":"fr-FR"}]}},"_links":{"self":[{"href":"https:\/\/camdo-odmac.ca\/fr\/wp-json\/wp\/v2\/pages\/1657","targetHints":{"allow":["GET"]}}],"collection":[{"href":"https:\/\/camdo-odmac.ca\/fr\/wp-json\/wp\/v2\/pages"}],"about":[{"href":"https:\/\/camdo-odmac.ca\/fr\/wp-json\/wp\/v2\/types\/page"}],"author":[{"embeddable":true,"href":"https:\/\/camdo-odmac.ca\/fr\/wp-json\/wp\/v2\/users\/6"}],"replies":[{"embeddable":true,"href":"https:\/\/camdo-odmac.ca\/fr\/wp-json\/wp\/v2\/comments?post=1657"}],"version-history":[{"count":4,"href":"https:\/\/camdo-odmac.ca\/fr\/wp-json\/wp\/v2\/pages\/1657\/revisions"}],"predecessor-version":[{"id":2211,"href":"https:\/\/camdo-odmac.ca\/fr\/wp-json\/wp\/v2\/pages\/1657\/revisions\/2211"}],"wp:attachment":[{"href":"https:\/\/camdo-odmac.ca\/fr\/wp-json\/wp\/v2\/media?parent=1657"}],"curies":[{"name":"wp","href":"https:\/\/api.w.org\/{rel}","templated":true}]}}