{"id":1341,"date":"2015-09-11T01:30:19","date_gmt":"2015-09-11T01:30:19","guid":{"rendered":"https:\/\/camdo-odmac.ca\/resources\/newsletter\/?lang=fr"},"modified":"2026-02-03T13:20:48","modified_gmt":"2026-02-03T13:20:48","slug":"adhesion-cotisations","status":"publish","type":"page","link":"https:\/\/camdo-odmac.ca\/fr\/resources\/adhesion-cotisations\/","title":{"rendered":"Adh\u00e9sion \/ cotisations"},"content":{"rendered":"[vc_row][vc_column][vc_column_text]\r\n<h2>\u00c9LIGIBILIT\u00c9<\/h2>\r\n&nbsp;\r\n\r\nLe CAMDO-ODMAC est une organisation d&#8217;individus. L&#8217;adh\u00e9sion rel\u00e8ve de l&#8217;individu et non de l&#8217;institution.\r\n\r\nPour en savoir plus sur les lignes directrices relatives \u00e0 l&#8217;adh\u00e9sion, la proc\u00e9dure de demande d&#8217;adh\u00e9sion et les cotisations annuelles en vigueur, veuillez consulter les documents ci-dessous.\r\n\r\n\r\n<h4><a href=\"https:\/\/camdo-odmac.ca\/wp-content\/uploads\/2024\/01\/CAMDO-ODMAC-Membership-Guidelines-2023.pdf\">Lignes directrices pour l&#8217;adh\u00e9sion \u00e0 l&#8217;ODMAC (Anglais)<\/a><\/h4>\r\n<h4><a href=\"https:\/\/camdo-odmac.ca\/fr\/formulaire-dadhesion-de-renouvellement\/\">Formulaire d&#8217;adh\u00e9sion\/de renouvellement<\/a><\/h4>\r\n<h4><a href=\"https:\/\/camdo-odmac.ca\/wp-content\/uploads\/2024\/01\/CAMDO-ODMAC-ANNUAL-FEES-DROITS-ANNUELS-2023.pdf\">CAMDO-ODMAC &#8211; Droits d\u2019adh\u00e9sion annuelles actuelles<\/a><\/h4>\r\n[\/vc_column_text][\/vc_column][\/vc_row]<!-- \/wp:post-content -->","protected":false},"excerpt":{"rendered":"<p>[vc_row][vc_column][vc_column_text] \u00c9LIGIBILIT\u00c9 &nbsp; Le CAMDO-ODMAC est une organisation d&#8217;individus. L&#8217;adh\u00e9sion rel\u00e8ve de l&#8217;individu et non de l&#8217;institution. Pour en savoir plus sur les lignes directrices relatives \u00e0 l&#8217;adh\u00e9sion, la proc\u00e9dure de demande d&#8217;adh\u00e9sion et les cotisations annuelles en vigueur, veuillez consulter les documents ci-dessous. Lignes directrices pour l&#8217;adh\u00e9sion \u00e0 l&#8217;ODMAC (Anglais) Formulaire d&#8217;adh\u00e9sion\/de renouvellement CAMDO-ODMAC [&hellip;]<\/p>\n","protected":false},"author":6,"featured_media":0,"parent":280,"menu_order":0,"comment_status":"closed","ping_status":"closed","template":"","meta":{"footnotes":""},"class_list":["post-1341","page","type-page","status-publish","hentry"],"yoast_head":"<!-- This site is optimized with the Yoast SEO plugin v27.3 - https:\/\/yoast.com\/product\/yoast-seo-wordpress\/ -->\n<title>Adh\u00e9sion \/ cotisations - CAMDO-ODMAC<\/title>\n<meta name=\"robots\" content=\"index, follow, max-snippet:-1, max-image-preview:large, max-video-preview:-1\" \/>\n<link rel=\"canonical\" href=\"https:\/\/camdo-odmac.ca\/fr\/resources\/adhesion-cotisations\/\" \/>\n<meta property=\"og:locale\" content=\"fr_FR\" \/>\n<meta property=\"og:type\" content=\"article\" \/>\n<meta property=\"og:title\" content=\"Adh\u00e9sion \/ cotisations - CAMDO-ODMAC\" \/>\n<meta property=\"og:description\" content=\"[vc_row][vc_column][vc_column_text] \u00c9LIGIBILIT\u00c9 &nbsp; Le CAMDO-ODMAC est une organisation d&#8217;individus. L&#8217;adh\u00e9sion rel\u00e8ve de l&#8217;individu et non de l&#8217;institution. Pour en savoir plus sur les lignes directrices relatives \u00e0 l&#8217;adh\u00e9sion, la proc\u00e9dure de demande d&#8217;adh\u00e9sion et les cotisations annuelles en vigueur, veuillez consulter les documents ci-dessous. Lignes directrices pour l&#8217;adh\u00e9sion \u00e0 l&#8217;ODMAC (Anglais) Formulaire d&#8217;adh\u00e9sion\/de renouvellement CAMDO-ODMAC [&hellip;]\" \/>\n<meta property=\"og:url\" content=\"https:\/\/camdo-odmac.ca\/fr\/resources\/adhesion-cotisations\/\" \/>\n<meta property=\"og:site_name\" content=\"CAMDO-ODMAC\" \/>\n<meta property=\"article:modified_time\" content=\"2026-02-03T13:20:48+00:00\" \/>\n<meta name=\"twitter:card\" content=\"summary_large_image\" \/>\n<meta name=\"twitter:site\" content=\"@CAMDO_ODMAC\" \/>\n<meta name=\"twitter:label1\" content=\"Est. reading time\" \/>\n\t<meta name=\"twitter:data1\" content=\"1 minute\" \/>\n<script type=\"application\/ld+json\" class=\"yoast-schema-graph\">{\"@context\":\"https:\\\/\\\/schema.org\",\"@graph\":[{\"@type\":\"WebPage\",\"@id\":\"https:\\\/\\\/camdo-odmac.ca\\\/fr\\\/resources\\\/adhesion-cotisations\\\/\",\"url\":\"https:\\\/\\\/camdo-odmac.ca\\\/fr\\\/resources\\\/adhesion-cotisations\\\/\",\"name\":\"Adh\u00e9sion \\\/ cotisations - CAMDO-ODMAC\",\"isPartOf\":{\"@id\":\"https:\\\/\\\/camdo-odmac.ca\\\/#website\"},\"datePublished\":\"2015-09-11T01:30:19+00:00\",\"dateModified\":\"2026-02-03T13:20:48+00:00\",\"breadcrumb\":{\"@id\":\"https:\\\/\\\/camdo-odmac.ca\\\/fr\\\/resources\\\/adhesion-cotisations\\\/#breadcrumb\"},\"inLanguage\":\"fr-FR\",\"potentialAction\":[{\"@type\":\"ReadAction\",\"target\":[\"https:\\\/\\\/camdo-odmac.ca\\\/fr\\\/resources\\\/adhesion-cotisations\\\/\"]}]},{\"@type\":\"BreadcrumbList\",\"@id\":\"https:\\\/\\\/camdo-odmac.ca\\\/fr\\\/resources\\\/adhesion-cotisations\\\/#breadcrumb\",\"itemListElement\":[{\"@type\":\"ListItem\",\"position\":1,\"name\":\"Home\",\"item\":\"https:\\\/\\\/camdo-odmac.ca\\\/?lang=fr\"},{\"@type\":\"ListItem\",\"position\":2,\"name\":\"Resources\",\"item\":\"https:\\\/\\\/camdo-odmac.ca\\\/resources\\\/?lang=fr\"},{\"@type\":\"ListItem\",\"position\":3,\"name\":\"Adh\u00e9sion \\\/ cotisations\"}]},{\"@type\":\"WebSite\",\"@id\":\"https:\\\/\\\/camdo-odmac.ca\\\/#website\",\"url\":\"https:\\\/\\\/camdo-odmac.ca\\\/\",\"name\":\"CAMDO-ODMAC\",\"description\":\"Canadian Art Museum Directors Organization\",\"potentialAction\":[{\"@type\":\"SearchAction\",\"target\":{\"@type\":\"EntryPoint\",\"urlTemplate\":\"https:\\\/\\\/camdo-odmac.ca\\\/?s={search_term_string}\"},\"query-input\":{\"@type\":\"PropertyValueSpecification\",\"valueRequired\":true,\"valueName\":\"search_term_string\"}}],\"inLanguage\":\"fr-FR\"}]}<\/script>\n<!-- \/ Yoast SEO plugin. -->","yoast_head_json":{"title":"Adh\u00e9sion \/ cotisations - CAMDO-ODMAC","robots":{"index":"index","follow":"follow","max-snippet":"max-snippet:-1","max-image-preview":"max-image-preview:large","max-video-preview":"max-video-preview:-1"},"canonical":"https:\/\/camdo-odmac.ca\/fr\/resources\/adhesion-cotisations\/","og_locale":"fr_FR","og_type":"article","og_title":"Adh\u00e9sion \/ cotisations - CAMDO-ODMAC","og_description":"[vc_row][vc_column][vc_column_text] \u00c9LIGIBILIT\u00c9 &nbsp; Le CAMDO-ODMAC est une organisation d&#8217;individus. L&#8217;adh\u00e9sion rel\u00e8ve de l&#8217;individu et non de l&#8217;institution. Pour en savoir plus sur les lignes directrices relatives \u00e0 l&#8217;adh\u00e9sion, la proc\u00e9dure de demande d&#8217;adh\u00e9sion et les cotisations annuelles en vigueur, veuillez consulter les documents ci-dessous. Lignes directrices pour l&#8217;adh\u00e9sion \u00e0 l&#8217;ODMAC (Anglais) Formulaire d&#8217;adh\u00e9sion\/de renouvellement CAMDO-ODMAC [&hellip;]","og_url":"https:\/\/camdo-odmac.ca\/fr\/resources\/adhesion-cotisations\/","og_site_name":"CAMDO-ODMAC","article_modified_time":"2026-02-03T13:20:48+00:00","twitter_card":"summary_large_image","twitter_site":"@CAMDO_ODMAC","twitter_misc":{"Est. reading time":"1 minute"},"schema":{"@context":"https:\/\/schema.org","@graph":[{"@type":"WebPage","@id":"https:\/\/camdo-odmac.ca\/fr\/resources\/adhesion-cotisations\/","url":"https:\/\/camdo-odmac.ca\/fr\/resources\/adhesion-cotisations\/","name":"Adh\u00e9sion \/ cotisations - CAMDO-ODMAC","isPartOf":{"@id":"https:\/\/camdo-odmac.ca\/#website"},"datePublished":"2015-09-11T01:30:19+00:00","dateModified":"2026-02-03T13:20:48+00:00","breadcrumb":{"@id":"https:\/\/camdo-odmac.ca\/fr\/resources\/adhesion-cotisations\/#breadcrumb"},"inLanguage":"fr-FR","potentialAction":[{"@type":"ReadAction","target":["https:\/\/camdo-odmac.ca\/fr\/resources\/adhesion-cotisations\/"]}]},{"@type":"BreadcrumbList","@id":"https:\/\/camdo-odmac.ca\/fr\/resources\/adhesion-cotisations\/#breadcrumb","itemListElement":[{"@type":"ListItem","position":1,"name":"Home","item":"https:\/\/camdo-odmac.ca\/?lang=fr"},{"@type":"ListItem","position":2,"name":"Resources","item":"https:\/\/camdo-odmac.ca\/resources\/?lang=fr"},{"@type":"ListItem","position":3,"name":"Adh\u00e9sion \/ cotisations"}]},{"@type":"WebSite","@id":"https:\/\/camdo-odmac.ca\/#website","url":"https:\/\/camdo-odmac.ca\/","name":"CAMDO-ODMAC","description":"Canadian Art Museum Directors Organization","potentialAction":[{"@type":"SearchAction","target":{"@type":"EntryPoint","urlTemplate":"https:\/\/camdo-odmac.ca\/?s={search_term_string}"},"query-input":{"@type":"PropertyValueSpecification","valueRequired":true,"valueName":"search_term_string"}}],"inLanguage":"fr-FR"}]}},"_links":{"self":[{"href":"https:\/\/camdo-odmac.ca\/fr\/wp-json\/wp\/v2\/pages\/1341","targetHints":{"allow":["GET"]}}],"collection":[{"href":"https:\/\/camdo-odmac.ca\/fr\/wp-json\/wp\/v2\/pages"}],"about":[{"href":"https:\/\/camdo-odmac.ca\/fr\/wp-json\/wp\/v2\/types\/page"}],"author":[{"embeddable":true,"href":"https:\/\/camdo-odmac.ca\/fr\/wp-json\/wp\/v2\/users\/6"}],"replies":[{"embeddable":true,"href":"https:\/\/camdo-odmac.ca\/fr\/wp-json\/wp\/v2\/comments?post=1341"}],"version-history":[{"count":10,"href":"https:\/\/camdo-odmac.ca\/fr\/wp-json\/wp\/v2\/pages\/1341\/revisions"}],"predecessor-version":[{"id":2418,"href":"https:\/\/camdo-odmac.ca\/fr\/wp-json\/wp\/v2\/pages\/1341\/revisions\/2418"}],"up":[{"embeddable":true,"href":"https:\/\/camdo-odmac.ca\/fr\/wp-json\/wp\/v2\/pages\/280"}],"wp:attachment":[{"href":"https:\/\/camdo-odmac.ca\/fr\/wp-json\/wp\/v2\/media?parent=1341"}],"curies":[{"name":"wp","href":"https:\/\/api.w.org\/{rel}","templated":true}]}}